{"id":513,"date":"2024-10-24T19:58:56","date_gmt":"2024-10-24T19:58:56","guid":{"rendered":"https:\/\/www.projetosweb.art.br\/lojamodelo\/?post_type=product&#038;p=513"},"modified":"2025-08-18T20:39:40","modified_gmt":"2025-08-18T20:39:40","slug":"camiseta-basica-lisa-masculina-100-algodao","status":"publish","type":"product","link":"https:\/\/www.projetosweb.art.br\/lojamodelo\/produto\/camiseta-basica-lisa-masculina-100-algodao\/","title":{"rendered":"Camiseta B\u00e1sica Lisa Masculina 100% Algod\u00e3o"},"content":{"rendered":"<p><strong>Camiseta B\u00e1sica Lisa Masculina 100% Algod\u00e3o Malha Leve Moderna<\/strong><\/p>\n<ul>\n<li>100% Algod\u00e3o<\/li>\n<li>Fio 30.1<\/li>\n<li>Etiqueta de composi\u00e7\u00e3o<\/li>\n<\/ul>\n<p>Tamanhos dispon\u00edveis P-M-G<\/p>\n<p><strong>Em Cent\u00edmetros<\/strong><\/p>\n<ul>\n<li>P: Comp 69\u00a0 Largura\u00a0 51 Manga 19<\/li>\n<li>M: Comp 70\u00a0 Largura\u00a0 53 Manga 20<\/li>\n<li>G: Comp 72\u00a0 Largura\u00a0 55 Manga 21<\/li>\n<\/ul>\n","protected":false},"excerpt":{"rendered":"<p>Camiseta B\u00e1sica Lisa Masculina 100% Algod\u00e3o Malha Leve Moderna 100% Algod\u00e3o Fio 30.1 Etiqueta de composi\u00e7\u00e3o Tamanhos dispon\u00edveis P-M-G Em Cent\u00edmetros P: Comp 69\u00a0 Largura\u00a0 51<span class=\"excerpt-hellip\"> [\u2026]<\/span><\/p>\n","protected":false},"featured_media":515,"comment_status":"open","ping_status":"closed","template":"","meta":[],"product_brand":[],"product_cat":[92],"product_tag":[],"class_list":{"0":"post-513","1":"product","2":"type-product","3":"status-publish","4":"has-post-thumbnail","6":"product_cat-camisetas","8":"first","9":"instock","10":"shipping-taxable","11":"purchasable","12":"product-type-variable"},"_links":{"self":[{"href":"https:\/\/www.projetosweb.art.br\/lojamodelo\/wp-json\/wp\/v2\/product\/513","targetHints":{"allow":["GET"]}}],"collection":[{"href":"https:\/\/www.projetosweb.art.br\/lojamodelo\/wp-json\/wp\/v2\/product"}],"about":[{"href":"https:\/\/www.projetosweb.art.br\/lojamodelo\/wp-json\/wp\/v2\/types\/product"}],"replies":[{"embeddable":true,"href":"https:\/\/www.projetosweb.art.br\/lojamodelo\/wp-json\/wp\/v2\/comments?post=513"}],"wp:featuredmedia":[{"embeddable":true,"href":"https:\/\/www.projetosweb.art.br\/lojamodelo\/wp-json\/wp\/v2\/media\/515"}],"wp:attachment":[{"href":"https:\/\/www.projetosweb.art.br\/lojamodelo\/wp-json\/wp\/v2\/media?parent=513"}],"wp:term":[{"taxonomy":"product_brand","embeddable":true,"href":"https:\/\/www.projetosweb.art.br\/lojamodelo\/wp-json\/wp\/v2\/product_brand?post=513"},{"taxonomy":"product_cat","embeddable":true,"href":"https:\/\/www.projetosweb.art.br\/lojamodelo\/wp-json\/wp\/v2\/product_cat?post=513"},{"taxonomy":"product_tag","embeddable":true,"href":"https:\/\/www.projetosweb.art.br\/lojamodelo\/wp-json\/wp\/v2\/product_tag?post=513"}],"curies":[{"name":"wp","href":"https:\/\/api.w.org\/{rel}","templated":true}]}}